
{"id":26,"date":"2020-04-29T15:14:11","date_gmt":"2020-04-29T12:14:11","guid":{"rendered":"http:\/\/sportmaniacblog.local\/?page_id=26"},"modified":"2020-12-22T15:27:00","modified_gmt":"2020-12-22T13:27:00","slug":"the-new-umoma-opens-its-doors-2","status":"publish","type":"page","link":"https:\/\/blog.sportmaniac.web-staging.eu\/","title":{"rendered":"blog sportmaniac.ro"},"content":{"rendered":"\n<div class=\"wp-block-group\"><div class=\"wp-block-group__inner-container\">\n<div class=\"wp-block-nextend-smartslider3\"><\/div>\n<\/div><\/div>\n\n\n\n<div style=\"height:100px\" aria-hidden=\"true\" class=\"wp-block-spacer\"><\/div>\n\n\n\n<div class=\"wp-block-cover aligncenter has-background-dim\" style=\"background-image:url(https:\/\/blog.sportmaniac.web-staging.eu\/wp-content\/uploads\/2020\/12\/5fca5ec96fb4f638026478-8.jpg)\"><div class=\"wp-block-cover__inner-container\">\n<p class=\"has-text-align-center has-large-font-size\"><span style=\"color:#33ef7b\" class=\"has-inline-color\"><a href=\"https:\/\/blog.sportmaniac.web-staging.eu\/index.php\/category\/femei\/\" data-type=\"category\" data-id=\"6\" target=\"_blank\" rel=\"noreferrer noopener\">FEMEI<\/a><\/span><\/p>\n<\/div><\/div>\n\n\n\n<hr class=\"wp-block-separator\"\/>\n\n\n<p class=\"alignright wp-block-tag-cloud\"><a href=\"https:\/\/blog.sportmaniac.web-staging.eu\/index.php\/tag\/calitate\/\" class=\"tag-cloud-link tag-link-18 tag-link-position-1\" style=\"font-size: 8pt;\" aria-label=\"calitate (1 item)\">calitate<\/a>\n<a href=\"https:\/\/blog.sportmaniac.web-staging.eu\/index.php\/tag\/caprice\/\" class=\"tag-cloud-link tag-link-24 tag-link-position-2\" style=\"font-size: 8pt;\" aria-label=\"caprice (1 item)\">caprice<\/a>\n<a href=\"https:\/\/blog.sportmaniac.web-staging.eu\/index.php\/tag\/captuseala\/\" class=\"tag-cloud-link tag-link-14 tag-link-position-3\" style=\"font-size: 8pt;\" aria-label=\"captuseala (1 item)\">captuseala<\/a>\n<a href=\"https:\/\/blog.sportmaniac.web-staging.eu\/index.php\/tag\/columbia\/\" class=\"tag-cloud-link tag-link-25 tag-link-position-4\" style=\"font-size: 8pt;\" aria-label=\"columbia (1 item)\">columbia<\/a>\n<a href=\"https:\/\/blog.sportmaniac.web-staging.eu\/index.php\/tag\/copii\/\" class=\"tag-cloud-link tag-link-8 tag-link-position-5\" style=\"font-size: 8pt;\" aria-label=\"copii (1 item)\">copii<\/a>\n<a href=\"https:\/\/blog.sportmaniac.web-staging.eu\/index.php\/tag\/crocs\/\" class=\"tag-cloud-link tag-link-10 tag-link-position-6\" style=\"font-size: 22pt;\" aria-label=\"crocs (2 items)\">crocs<\/a>\n<a href=\"https:\/\/blog.sportmaniac.web-staging.eu\/index.php\/tag\/design\/\" class=\"tag-cloud-link tag-link-11 tag-link-position-7\" style=\"font-size: 8pt;\" aria-label=\"design (1 item)\">design<\/a>\n<a href=\"https:\/\/blog.sportmaniac.web-staging.eu\/index.php\/tag\/france-invendus\/\" class=\"tag-cloud-link tag-link-20 tag-link-position-8\" style=\"font-size: 8pt;\" aria-label=\"france invendus (1 item)\">france invendus<\/a>\n<a href=\"https:\/\/blog.sportmaniac.web-staging.eu\/index.php\/tag\/grisport\/\" class=\"tag-cloud-link tag-link-19 tag-link-position-9\" style=\"font-size: 22pt;\" aria-label=\"grisport (2 items)\">grisport<\/a>\n<a href=\"https:\/\/blog.sportmaniac.web-staging.eu\/index.php\/tag\/iarna\/\" class=\"tag-cloud-link tag-link-21 tag-link-position-10\" style=\"font-size: 8pt;\" aria-label=\"iarna (1 item)\">iarna<\/a>\n<a href=\"https:\/\/blog.sportmaniac.web-staging.eu\/index.php\/tag\/impermeabilitate\/\" class=\"tag-cloud-link tag-link-15 tag-link-position-11\" style=\"font-size: 8pt;\" aria-label=\"impermeabilitate (1 item)\">impermeabilitate<\/a>\n<a href=\"https:\/\/blog.sportmaniac.web-staging.eu\/index.php\/tag\/inaltime\/\" class=\"tag-cloud-link tag-link-16 tag-link-position-12\" style=\"font-size: 8pt;\" aria-label=\"inaltime (1 item)\">inaltime<\/a>\n<a href=\"https:\/\/blog.sportmaniac.web-staging.eu\/index.php\/tag\/incaltaminte-copii\/\" class=\"tag-cloud-link tag-link-17 tag-link-position-13\" style=\"font-size: 8pt;\" aria-label=\"incaltaminte copii (1 item)\">incaltaminte copii<\/a>\n<a href=\"https:\/\/blog.sportmaniac.web-staging.eu\/index.php\/tag\/scop\/\" class=\"tag-cloud-link tag-link-13 tag-link-position-14\" style=\"font-size: 8pt;\" aria-label=\"scop (1 item)\">scop<\/a>\n<a href=\"https:\/\/blog.sportmaniac.web-staging.eu\/index.php\/tag\/skechers\/\" class=\"tag-cloud-link tag-link-23 tag-link-position-15\" style=\"font-size: 8pt;\" aria-label=\"skechers (1 item)\">skechers<\/a>\n<a href=\"https:\/\/blog.sportmaniac.web-staging.eu\/index.php\/tag\/talpa\/\" class=\"tag-cloud-link tag-link-12 tag-link-position-16\" style=\"font-size: 8pt;\" aria-label=\"talpa (1 item)\">talpa<\/a>\n<a href=\"https:\/\/blog.sportmaniac.web-staging.eu\/index.php\/tag\/trespass\/\" class=\"tag-cloud-link tag-link-22 tag-link-position-17\" style=\"font-size: 8pt;\" aria-label=\"trespass (1 item)\">trespass<\/a><\/p>\n\n<ul class=\"wp-block-latest-posts__list is-grid columns-3 aligncenter wp-block-latest-posts\"><li><a href=\"https:\/\/blog.sportmaniac.web-staging.eu\/index.php\/2020\/12\/22\/sfaturi-pentru-asortarea-ghetelor-in-sezonul-rece-partea-i\/\">Sfaturi pentru asortarea ghetelor \u00een sezonul rece (partea I)<\/a><\/li>\n<li><a href=\"https:\/\/blog.sportmaniac.web-staging.eu\/index.php\/2020\/12\/22\/cum-alegi-cea-mai-confortabila-incaltaminte-pentru-copii\/\">Cum alegi cea mai confortabil\u0103 \u00eenc\u0103l\u021b\u0103minte pentru copii<\/a><\/li>\n<li><a href=\"https:\/\/blog.sportmaniac.web-staging.eu\/index.php\/2020\/12\/21\/ghidul-complet-pentru-incaltamintea-crocs\/\">Ghidul complet pentru \u00eenc\u0103l\u021b\u0103mintea Crocs<\/a><\/li>\n<li><a href=\"https:\/\/blog.sportmaniac.web-staging.eu\/index.php\/2020\/12\/21\/cum-iti-alegi-incaltamintea-potrivita-pentru-sezonul-rece\/\">Cum \u00ee\u021bi alegi \u00eenc\u0103l\u021b\u0103mintea potrivit\u0103 pentru sezonul rece<\/a><\/li>\n<li><a href=\"https:\/\/blog.sportmaniac.web-staging.eu\/index.php\/2020\/11\/25\/teszt\/\">Teszt<\/a><\/li>\n<\/ul>\n\n\n<hr class=\"wp-block-separator\"\/>\n\n\n\n<div class=\"wp-block-columns alignwide\">\n<div class=\"wp-block-column\"><\/div>\n\n\n\n<div class=\"wp-block-column\"><\/div>\n<\/div>\n","protected":false},"excerpt":{"rendered":"","protected":false},"author":1,"featured_media":0,"parent":0,"menu_order":0,"comment_status":"closed","ping_status":"closed","template":"","meta":[],"_links":{"self":[{"href":"https:\/\/blog.sportmaniac.web-staging.eu\/index.php\/wp-json\/wp\/v2\/pages\/26"}],"collection":[{"href":"https:\/\/blog.sportmaniac.web-staging.eu\/index.php\/wp-json\/wp\/v2\/pages"}],"about":[{"href":"https:\/\/blog.sportmaniac.web-staging.eu\/index.php\/wp-json\/wp\/v2\/types\/page"}],"author":[{"embeddable":true,"href":"https:\/\/blog.sportmaniac.web-staging.eu\/index.php\/wp-json\/wp\/v2\/users\/1"}],"replies":[{"embeddable":true,"href":"https:\/\/blog.sportmaniac.web-staging.eu\/index.php\/wp-json\/wp\/v2\/comments?post=26"}],"version-history":[{"count":42,"href":"https:\/\/blog.sportmaniac.web-staging.eu\/index.php\/wp-json\/wp\/v2\/pages\/26\/revisions"}],"predecessor-version":[{"id":226,"href":"https:\/\/blog.sportmaniac.web-staging.eu\/index.php\/wp-json\/wp\/v2\/pages\/26\/revisions\/226"}],"wp:attachment":[{"href":"https:\/\/blog.sportmaniac.web-staging.eu\/index.php\/wp-json\/wp\/v2\/media?parent=26"}],"curies":[{"name":"wp","href":"https:\/\/api.w.org\/{rel}","templated":true}]}}